{"id":279,"date":"2024-09-25T10:28:10","date_gmt":"2024-09-25T08:28:10","guid":{"rendered":"http:\/\/ybux.eu\/?page_id=279"},"modified":"2024-10-14T09:34:12","modified_gmt":"2024-10-14T07:34:12","slug":"chloe","status":"publish","type":"page","link":"http:\/\/ybux.eu\/?page_id=279","title":{"rendered":"Chloe"},"content":{"rendered":"\t\t<div data-elementor-type=\"wp-page\" data-elementor-id=\"279\" class=\"elementor elementor-279\">\n\t\t\t\t<div class=\"elementor-element elementor-element-851751a e-flex e-con-boxed e-con e-parent\" data-id=\"851751a\" data-element_type=\"container\">\n\t\t\t\t\t<div class=\"e-con-inner\">\n\t\t<div class=\"elementor-element elementor-element-c29a200 e-con-full e-flex e-con e-child\" data-id=\"c29a200\" data-element_type=\"container\">\n\t\t\t\t<div class=\"elementor-element elementor-element-8ecc7b0 elementor-widget__width-initial elementor-position-top elementor-widget elementor-widget-image-box\" data-id=\"8ecc7b0\" data-element_type=\"widget\" data-widget_type=\"image-box.default\">\n\t\t\t\t<div class=\"elementor-widget-container\">\n\t\t\t\t\t<div class=\"elementor-image-box-wrapper\"><figure class=\"elementor-image-box-img\"><img fetchpriority=\"high\" decoding=\"async\" width=\"350\" height=\"280\" src=\"https:\/\/ybux.eu\/wp-content\/uploads\/2024\/08\/cropped-favicon-350x280.jpg\" class=\"attachment-custom size-custom wp-image-25\" alt=\"\" \/><\/figure><div class=\"elementor-image-box-content\"><div class=\"elementor-image-box-title\">Roman Ryb\u00e1\u0159, Ph.D.<\/div><p class=\"elementor-image-box-description\">+420 603 981 099\nrybar@ybux.eu<\/p><\/div><\/div>\t\t\t\t<\/div>\n\t\t\t\t<\/div>\n\t\t\t\t<\/div>\n\t\t<div class=\"elementor-element elementor-element-379b664 e-con-full e-flex e-con e-child\" data-id=\"379b664\" data-element_type=\"container\">\n\t\t<div class=\"elementor-element elementor-element-f8bf4b5 e-con-full e-flex e-con e-child\" data-id=\"f8bf4b5\" data-element_type=\"container\">\n\t\t\t\t<div class=\"elementor-element elementor-element-a21891c elementor-widget elementor-widget-heading\" data-id=\"a21891c\" data-element_type=\"widget\" data-widget_type=\"heading.default\">\n\t\t\t\t<div class=\"elementor-widget-container\">\n\t\t\t\t\t<h2 class=\"elementor-heading-title elementor-size-default\">Chloe<\/h2>\t\t\t\t<\/div>\n\t\t\t\t<\/div>\n\t\t\t\t<div class=\"elementor-element elementor-element-c12a837 elementor-widget__width-initial elementor-widget elementor-widget-text-editor\" data-id=\"c12a837\" data-element_type=\"widget\" data-widget_type=\"text-editor.default\">\n\t\t\t\t<div class=\"elementor-widget-container\">\n\t\t\t\t\t\t\t\t\t<p>Prvn\u00ed a jedin\u00fd transparentn\u00ed n\u00e1stroj na podporu spr\u00e1vn\u00e9ho rozhodnut\u00ed o p\u0159enosu kvalitn\u00edho embrya zalo\u017een\u00fd na um\u011bl\u00e9 inteligenci.<\/p>\t\t\t\t\t\t\t\t<\/div>\n\t\t\t\t<\/div>\n\t\t\t\t<\/div>\n\t\t\t\t<\/div>\n\t\t\t\t\t<\/div>\n\t\t\t\t<\/div>\n\t\t<div class=\"elementor-element elementor-element-e23c80d e-flex e-con-boxed e-con e-parent\" data-id=\"e23c80d\" data-element_type=\"container\">\n\t\t\t\t\t<div class=\"e-con-inner\">\n\t\t<div class=\"elementor-element elementor-element-4be2799 e-con-full e-flex e-con e-child\" data-id=\"4be2799\" data-element_type=\"container\">\n\t\t\t\t<div class=\"elementor-element elementor-element-17cb44d elementor-widget elementor-widget-image\" data-id=\"17cb44d\" data-element_type=\"widget\" data-widget_type=\"image.default\">\n\t\t\t\t<div class=\"elementor-widget-container\">\n\t\t\t\t\t\t\t\t\t\t\t\t\t\t\t<img decoding=\"async\" width=\"690\" height=\"298\" src=\"https:\/\/ybux.eu\/wp-content\/uploads\/2024\/10\/Screen-recording.png\" class=\"attachment-large size-large wp-image-593\" alt=\"\" srcset=\"https:\/\/ybux.eu\/wp-content\/uploads\/2024\/10\/Screen-recording.png 960w, https:\/\/ybux.eu\/wp-content\/uploads\/2024\/10\/Screen-recording-300x129.png 300w, https:\/\/ybux.eu\/wp-content\/uploads\/2024\/10\/Screen-recording-768x331.png 768w, https:\/\/ybux.eu\/wp-content\/uploads\/2024\/10\/Screen-recording-150x65.png 150w\" sizes=\"(max-width: 690px) 100vw, 690px\" \/>\t\t\t\t\t\t\t\t\t\t\t\t\t\t\t<\/div>\n\t\t\t\t<\/div>\n\t\t\t\t<\/div>\n\t\t<div class=\"elementor-element elementor-element-0784b47 e-con-full e-flex e-con e-child\" data-id=\"0784b47\" data-element_type=\"container\">\n\t\t<div class=\"elementor-element elementor-element-81a40c7 e-con-full e-flex e-con e-child\" data-id=\"81a40c7\" data-element_type=\"container\">\n\t\t\t\t<div class=\"elementor-element elementor-element-3c2a430 elementor-widget elementor-widget-heading\" data-id=\"3c2a430\" data-element_type=\"widget\" data-widget_type=\"heading.default\">\n\t\t\t\t<div class=\"elementor-widget-container\">\n\t\t\t\t\t<h3 class=\"elementor-heading-title elementor-size-default\">V\u00edce ne\u017e jen sk\u00f3re!<\/h3>\t\t\t\t<\/div>\n\t\t\t\t<\/div>\n\t\t\t\t<div class=\"elementor-element elementor-element-fc59b35 elementor-widget elementor-widget-text-editor\" data-id=\"fc59b35\" data-element_type=\"widget\" data-widget_type=\"text-editor.default\">\n\t\t\t\t<div class=\"elementor-widget-container\">\n\t\t\t\t\t\t\t\t\t<ul><li>Asistent hodnocen\u00ed embry\u00ed s um\u011blou inteligenc\u00ed<\/li><li>Poskytuje transparentn\u00ed data<\/li><li>Urychluje a zlep\u0161uje p\u0159esnost v\u00fdb\u011bru embry\u00ed<\/li><li>Umo\u017e\u0148uje zp\u011btnou kontrolu selek\u010dn\u00edch krit\u00e9ri\u00ed<\/li><\/ul><p>\u00a0<\/p>\t\t\t\t\t\t\t\t<\/div>\n\t\t\t\t<\/div>\n\t\t\t\t<\/div>\n\t\t\t\t<\/div>\n\t\t\t\t\t<\/div>\n\t\t\t\t<\/div>\n\t\t<div class=\"elementor-element elementor-element-7574295 e-flex e-con-boxed e-con e-parent\" data-id=\"7574295\" data-element_type=\"container\">\n\t\t\t\t\t<div class=\"e-con-inner\">\n\t\t<div class=\"elementor-element elementor-element-4c5abd5 e-con-full e-flex e-con e-child\" data-id=\"4c5abd5\" data-element_type=\"container\">\n\t\t\t\t<div class=\"elementor-element elementor-element-a3708b4 elementor-widget elementor-widget-image\" data-id=\"a3708b4\" data-element_type=\"widget\" data-widget_type=\"image.default\">\n\t\t\t\t<div class=\"elementor-widget-container\">\n\t\t\t\t\t\t\t\t\t\t\t\t\t\t\t<img decoding=\"async\" width=\"246\" height=\"300\" src=\"https:\/\/ybux.eu\/wp-content\/uploads\/2024\/08\/chloe-mobile-246x300.png\" class=\"attachment-medium size-medium wp-image-60\" alt=\"\" srcset=\"https:\/\/ybux.eu\/wp-content\/uploads\/2024\/08\/chloe-mobile-246x300.png 246w, https:\/\/ybux.eu\/wp-content\/uploads\/2024\/08\/chloe-mobile-123x150.png 123w, https:\/\/ybux.eu\/wp-content\/uploads\/2024\/08\/chloe-mobile.png 700w\" sizes=\"(max-width: 246px) 100vw, 246px\" \/>\t\t\t\t\t\t\t\t\t\t\t\t\t\t\t<\/div>\n\t\t\t\t<\/div>\n\t\t\t\t<\/div>\n\t\t<div class=\"elementor-element elementor-element-b5b2fdf e-con-full e-flex e-con e-child\" data-id=\"b5b2fdf\" data-element_type=\"container\">\n\t\t<div class=\"elementor-element elementor-element-b655897 e-con-full e-flex e-con e-child\" data-id=\"b655897\" data-element_type=\"container\">\n\t\t\t\t<div class=\"elementor-element elementor-element-00d5868 elementor-widget elementor-widget-heading\" data-id=\"00d5868\" data-element_type=\"widget\" data-widget_type=\"heading.default\">\n\t\t\t\t<div class=\"elementor-widget-container\">\n\t\t\t\t\t<h3 class=\"elementor-heading-title elementor-size-default\">AI asistent<\/h3>\t\t\t\t<\/div>\n\t\t\t\t<\/div>\n\t\t\t\t<div class=\"elementor-element elementor-element-8cf1eff elementor-widget elementor-widget-text-editor\" data-id=\"8cf1eff\" data-element_type=\"widget\" data-widget_type=\"text-editor.default\">\n\t\t\t\t<div class=\"elementor-widget-container\">\n\t\t\t\t\t\t\t\t\t<ul><li>U\u017eivatelsky p\u0159\u00e1telsk\u00fd syst\u00e9m<\/li><li>Intuitivn\u00ed ovl\u00e1d\u00e1n\u00ed<\/li><li>Algoritmus testov\u00e1n na des\u00edtk\u00e1ch tis\u00edc embry\u00ed<\/li><li>Umo\u017e\u0148uje vzd\u00e1len\u00fd p\u0159\u00edstup k dat\u016fm<\/li><\/ul>\t\t\t\t\t\t\t\t<\/div>\n\t\t\t\t<\/div>\n\t\t\t\t<\/div>\n\t\t\t\t<\/div>\n\t\t\t\t\t<\/div>\n\t\t\t\t<\/div>\n\t\t<div class=\"elementor-element elementor-element-7c408a9 e-flex e-con-boxed e-con e-parent\" data-id=\"7c408a9\" data-element_type=\"container\">\n\t\t\t\t\t<div class=\"e-con-inner\">\n\t\t<div class=\"elementor-element elementor-element-6ab1738 e-con-full e-flex e-con e-child\" data-id=\"6ab1738\" data-element_type=\"container\">\n\t\t\t\t<div class=\"elementor-element elementor-element-c5b12bc elementor-widget elementor-widget-image\" data-id=\"c5b12bc\" data-element_type=\"widget\" data-widget_type=\"image.default\">\n\t\t\t\t<div class=\"elementor-widget-container\">\n\t\t\t\t\t\t\t\t\t\t\t\t\t\t\t<img loading=\"lazy\" decoding=\"async\" width=\"300\" height=\"274\" src=\"https:\/\/ybux.eu\/wp-content\/uploads\/2024\/10\/ferility-logo-300x274.png\" class=\"attachment-medium size-medium wp-image-596\" alt=\"\" srcset=\"https:\/\/ybux.eu\/wp-content\/uploads\/2024\/10\/ferility-logo-300x274.png 300w, https:\/\/ybux.eu\/wp-content\/uploads\/2024\/10\/ferility-logo-768x701.png 768w, https:\/\/ybux.eu\/wp-content\/uploads\/2024\/10\/ferility-logo-150x137.png 150w, https:\/\/ybux.eu\/wp-content\/uploads\/2024\/10\/ferility-logo.png 1000w\" sizes=\"(max-width: 300px) 100vw, 300px\" \/>\t\t\t\t\t\t\t\t\t\t\t\t\t\t\t<\/div>\n\t\t\t\t<\/div>\n\t\t\t\t<\/div>\n\t\t<div class=\"elementor-element elementor-element-18458b6 e-con-full e-flex e-con e-child\" data-id=\"18458b6\" data-element_type=\"container\">\n\t\t<div class=\"elementor-element elementor-element-6bfba72 e-con-full e-flex e-con e-child\" data-id=\"6bfba72\" data-element_type=\"container\">\n\t\t\t\t<div class=\"elementor-element elementor-element-00a5b82 elementor-widget elementor-widget-heading\" data-id=\"00a5b82\" data-element_type=\"widget\" data-widget_type=\"heading.default\">\n\t\t\t\t<div class=\"elementor-widget-container\">\n\t\t\t\t\t<h3 class=\"elementor-heading-title elementor-size-default\">P\u0159\u00edb\u011bh<\/h3>\t\t\t\t<\/div>\n\t\t\t\t<\/div>\n\t\t\t\t<div class=\"elementor-element elementor-element-28badf9 elementor-widget elementor-widget-text-editor\" data-id=\"28badf9\" data-element_type=\"widget\" data-widget_type=\"text-editor.default\">\n\t\t\t\t<div class=\"elementor-widget-container\">\n\t\t\t\t\t\t\t\t\t<p>B\u011bhem l\u00e9\u010dby pomoc\u00ed IVF vyhodnocujeme mnoho okolnost\u00ed. Vedle v\u011bku budouc\u00edch rodi\u010d\u016f se d\u00edv\u00e1me tak\u00e9 na ovari\u00e1ln\u00ed rezervu \u017eeny, kvalitu vaj\u00ed\u010dek, ale tak\u00e9 vyhodnocujeme mu\u017esk\u00fd faktor, a to p\u0159edev\u0161\u00edm kvalitu spermi\u00ed. To v\u0161e m\u016f\u017ee m\u00edt vliv na v\u00fdvoj embrya a posl\u00e9ze i \u00fasp\u011b\u0161nost l\u00e9\u010dby.<\/p>\t\t\t\t\t\t\t\t<\/div>\n\t\t\t\t<\/div>\n\t\t\t\t<\/div>\n\t\t\t\t<\/div>\n\t\t\t\t\t<\/div>\n\t\t\t\t<\/div>\n\t\t<div class=\"elementor-element elementor-element-9e4ce95 e-flex e-con-boxed e-con e-parent\" data-id=\"9e4ce95\" data-element_type=\"container\">\n\t\t\t\t\t<div class=\"e-con-inner\">\n\t\t<div class=\"elementor-element elementor-element-d6a31fd e-con-full e-flex e-con e-child\" data-id=\"d6a31fd\" data-element_type=\"container\">\n\t\t\t\t<div class=\"elementor-element elementor-element-65a96cf elementor-widget elementor-widget-image\" data-id=\"65a96cf\" data-element_type=\"widget\" data-widget_type=\"image.default\">\n\t\t\t\t<div class=\"elementor-widget-container\">\n\t\t\t\t\t\t\t\t\t\t\t\t\t\t\t<img loading=\"lazy\" decoding=\"async\" width=\"690\" height=\"414\" src=\"https:\/\/ybux.eu\/wp-content\/uploads\/2024\/10\/CHLOE-OQ-Image-1000x600-1.jpeg\" class=\"attachment-large size-large wp-image-597\" alt=\"\" srcset=\"https:\/\/ybux.eu\/wp-content\/uploads\/2024\/10\/CHLOE-OQ-Image-1000x600-1.jpeg 1000w, https:\/\/ybux.eu\/wp-content\/uploads\/2024\/10\/CHLOE-OQ-Image-1000x600-1-300x180.jpeg 300w, https:\/\/ybux.eu\/wp-content\/uploads\/2024\/10\/CHLOE-OQ-Image-1000x600-1-768x461.jpeg 768w, https:\/\/ybux.eu\/wp-content\/uploads\/2024\/10\/CHLOE-OQ-Image-1000x600-1-150x90.jpeg 150w\" sizes=\"(max-width: 690px) 100vw, 690px\" \/>\t\t\t\t\t\t\t\t\t\t\t\t\t\t\t<\/div>\n\t\t\t\t<\/div>\n\t\t\t\t<\/div>\n\t\t<div class=\"elementor-element elementor-element-5bd5924 e-con-full e-flex e-con e-child\" data-id=\"5bd5924\" data-element_type=\"container\">\n\t\t<div class=\"elementor-element elementor-element-7392a97 e-con-full e-flex e-con e-child\" data-id=\"7392a97\" data-element_type=\"container\">\n\t\t\t\t<div class=\"elementor-element elementor-element-0004b33 elementor-widget elementor-widget-heading\" data-id=\"0004b33\" data-element_type=\"widget\" data-widget_type=\"heading.default\">\n\t\t\t\t<div class=\"elementor-widget-container\">\n\t\t\t\t\t<h3 class=\"elementor-heading-title elementor-size-default\">Fairtility<\/h3>\t\t\t\t<\/div>\n\t\t\t\t<\/div>\n\t\t\t\t<div class=\"elementor-element elementor-element-c971803 elementor-widget elementor-widget-text-editor\" data-id=\"c971803\" data-element_type=\"widget\" data-widget_type=\"text-editor.default\">\n\t\t\t\t<div class=\"elementor-widget-container\">\n\t\t\t\t\t\t\t\t\t<p>Spole\u010dnost Fairtility d\u00edky technologii Chloe <em>(Cultivating Human Life through Optimal Embryos) <\/em>pohl\u00ed\u017e\u00ed na IVF jako na transparentn\u00ed proces. Chloe je prvn\u00ed a jedin\u00fd transparentn\u00ed n\u00e1stroj na podporu spr\u00e1vn\u00e9ho rozhodnut\u00ed o p\u0159enosu kvalitn\u00edho embrya zalo\u017een\u00fd na um\u011bl\u00e9 inteligenci. Chloe poskytuje l\u00e9ka\u0159\u016fm a budouc\u00edm rodi\u010d\u016fm p\u0159ehled o klinick\u00fdch a laboratorn\u00edch \u00fadaj\u00edch s c\u00edlem zlep\u0161it \u00fasp\u011b\u0161nost l\u00e9\u010dby pomoc\u00ed mimot\u011bln\u00edho oplozen\u00ed.<\/p>\t\t\t\t\t\t\t\t<\/div>\n\t\t\t\t<\/div>\n\t\t\t\t<\/div>\n\t\t\t\t<\/div>\n\t\t\t\t\t<\/div>\n\t\t\t\t<\/div>\n\t\t<div class=\"elementor-element elementor-element-e82d277 e-flex e-con-boxed e-con e-parent\" data-id=\"e82d277\" data-element_type=\"container\">\n\t\t\t\t\t<div class=\"e-con-inner\">\n\t\t<div class=\"elementor-element elementor-element-971a557 e-con-full e-flex e-con e-child\" data-id=\"971a557\" data-element_type=\"container\">\n\t\t\t\t<div class=\"elementor-element elementor-element-6d63e5d elementor-widget elementor-widget-image\" data-id=\"6d63e5d\" data-element_type=\"widget\" data-widget_type=\"image.default\">\n\t\t\t\t<div class=\"elementor-widget-container\">\n\t\t\t\t\t\t\t\t\t\t\t\t\t\t\t<img loading=\"lazy\" decoding=\"async\" width=\"500\" height=\"281\" src=\"https:\/\/ybux.eu\/wp-content\/uploads\/2024\/10\/Transparent-data-in-AI.jpeg\" class=\"attachment-large size-large wp-image-598\" alt=\"\" srcset=\"https:\/\/ybux.eu\/wp-content\/uploads\/2024\/10\/Transparent-data-in-AI.jpeg 500w, https:\/\/ybux.eu\/wp-content\/uploads\/2024\/10\/Transparent-data-in-AI-300x169.jpeg 300w, https:\/\/ybux.eu\/wp-content\/uploads\/2024\/10\/Transparent-data-in-AI-150x84.jpeg 150w\" sizes=\"(max-width: 500px) 100vw, 500px\" \/>\t\t\t\t\t\t\t\t\t\t\t\t\t\t\t<\/div>\n\t\t\t\t<\/div>\n\t\t\t\t<\/div>\n\t\t<div class=\"elementor-element elementor-element-1a45bf6 e-con-full e-flex e-con e-child\" data-id=\"1a45bf6\" data-element_type=\"container\">\n\t\t<div class=\"elementor-element elementor-element-95aab27 e-con-full e-flex e-con e-child\" data-id=\"95aab27\" data-element_type=\"container\">\n\t\t\t\t<div class=\"elementor-element elementor-element-aae47f7 elementor-widget elementor-widget-heading\" data-id=\"aae47f7\" data-element_type=\"widget\" data-widget_type=\"heading.default\">\n\t\t\t\t<div class=\"elementor-widget-container\">\n\t\t\t\t\t<h3 class=\"elementor-heading-title elementor-size-default\">Transparentn\u00ed data<\/h3>\t\t\t\t<\/div>\n\t\t\t\t<\/div>\n\t\t\t\t<div class=\"elementor-element elementor-element-5ccb120 elementor-widget elementor-widget-text-editor\" data-id=\"5ccb120\" data-element_type=\"widget\" data-widget_type=\"text-editor.default\">\n\t\t\t\t<div class=\"elementor-widget-container\">\n\t\t\t\t\t\t\t\t\t<p>Chloe otev\u0159ela pov\u011bstnou \u010dernou sk\u0159\u00ed\u0148ku mo\u017enost\u00ed nahl\u00e9dnut\u00ed do podklad\u016f pro rozhodnut\u00ed um\u011blou inteligenc\u00ed. Jej\u00ed p\u0159\u00ednos spo\u010d\u00edv\u00e1 v mimo\u0159\u00e1dn\u011b dobr\u00e9m rozhodnut\u00ed, a to nad r\u00e1mec lidsk\u00fdch sil. Nicm\u00e9n\u011b reproduk\u010dn\u00ed medic\u00edna vy\u017eaduje transparentnost l\u00e9\u010dby, proto je d\u016fle\u017eit\u00e9 v\u011bd\u011bt na z\u00e1klad\u011b jak\u00fdch biologick\u00fdch ud\u00e1lost\u00ed se rozhodla.<\/p>\t\t\t\t\t\t\t\t<\/div>\n\t\t\t\t<\/div>\n\t\t\t\t<\/div>\n\t\t\t\t<\/div>\n\t\t\t\t\t<\/div>\n\t\t\t\t<\/div>\n\t\t<div class=\"elementor-element elementor-element-1d5b347 e-flex e-con-boxed e-con e-parent\" data-id=\"1d5b347\" data-element_type=\"container\">\n\t\t\t\t\t<div class=\"e-con-inner\">\n\t\t<div class=\"elementor-element elementor-element-f82d179 e-con-full e-flex e-con e-child\" data-id=\"f82d179\" data-element_type=\"container\">\n\t\t\t\t<div class=\"elementor-element elementor-element-b403944 elementor-widget elementor-widget-image\" data-id=\"b403944\" data-element_type=\"widget\" data-widget_type=\"image.default\">\n\t\t\t\t<div class=\"elementor-widget-container\">\n\t\t\t\t\t\t\t\t\t\t\t\t\t\t\t<img loading=\"lazy\" decoding=\"async\" width=\"690\" height=\"460\" src=\"https:\/\/ybux.eu\/wp-content\/uploads\/2024\/10\/team-of-scientist-1024x682.jpg\" class=\"attachment-large size-large wp-image-599\" alt=\"\" srcset=\"https:\/\/ybux.eu\/wp-content\/uploads\/2024\/10\/team-of-scientist-1024x682.jpg 1024w, https:\/\/ybux.eu\/wp-content\/uploads\/2024\/10\/team-of-scientist-300x200.jpg 300w, https:\/\/ybux.eu\/wp-content\/uploads\/2024\/10\/team-of-scientist-768x512.jpg 768w, https:\/\/ybux.eu\/wp-content\/uploads\/2024\/10\/team-of-scientist-150x100.jpg 150w, https:\/\/ybux.eu\/wp-content\/uploads\/2024\/10\/team-of-scientist.jpg 1232w\" sizes=\"(max-width: 690px) 100vw, 690px\" \/>\t\t\t\t\t\t\t\t\t\t\t\t\t\t\t<\/div>\n\t\t\t\t<\/div>\n\t\t\t\t<\/div>\n\t\t<div class=\"elementor-element elementor-element-8bdd348 e-con-full e-flex e-con e-child\" data-id=\"8bdd348\" data-element_type=\"container\">\n\t\t<div class=\"elementor-element elementor-element-a0ed66f e-con-full e-flex e-con e-child\" data-id=\"a0ed66f\" data-element_type=\"container\">\n\t\t\t\t<div class=\"elementor-element elementor-element-936107f elementor-widget elementor-widget-heading\" data-id=\"936107f\" data-element_type=\"widget\" data-widget_type=\"heading.default\">\n\t\t\t\t<div class=\"elementor-widget-container\">\n\t\t\t\t\t<h3 class=\"elementor-heading-title elementor-size-default\">T\u00fdmov\u00fd hr\u00e1\u010d<\/h3>\t\t\t\t<\/div>\n\t\t\t\t<\/div>\n\t\t\t\t<div class=\"elementor-element elementor-element-703b792 elementor-widget elementor-widget-text-editor\" data-id=\"703b792\" data-element_type=\"widget\" data-widget_type=\"text-editor.default\">\n\t\t\t\t<div class=\"elementor-widget-container\">\n\t\t\t\t\t\t\t\t\t<p>Pr\u00e1v\u011b transparentnost um\u011bl\u00e9 inteligence z n\u00ed d\u011bl\u00e1 t\u00fdmov\u00e9ho hr\u00e1\u010de. Zrychluje a usnad\u0148uje proces selekce embry\u00ed, a t\u00edm se st\u00e1v\u00e1 partnerem pro ka\u017edodenn\u00ed pr\u00e1ci v laborato\u0159i.<\/p>\t\t\t\t\t\t\t\t<\/div>\n\t\t\t\t<\/div>\n\t\t\t\t<\/div>\n\t\t\t\t<\/div>\n\t\t\t\t\t<\/div>\n\t\t\t\t<\/div>\n\t\t<div class=\"elementor-element elementor-element-38059a1 e-flex e-con-boxed e-con e-parent\" data-id=\"38059a1\" data-element_type=\"container\">\n\t\t\t\t\t<div class=\"e-con-inner\">\n\t\t\t\t<div class=\"elementor-element elementor-element-b8640dd elementor-widget elementor-widget-text-editor\" data-id=\"b8640dd\" data-element_type=\"widget\" data-widget_type=\"text-editor.default\">\n\t\t\t\t<div class=\"elementor-widget-container\">\n\t\t\t\t\t\t\t\t\t<p><span style=\"color: #cd1e5a;\"><strong>Kontakt pro bli\u017e\u0161\u00ed informace a objedn\u00e1n\u00ed:<\/strong><\/span><\/p><p><span style=\"color: #0a3269;\"><strong>Roman Ryb\u00e1\u0159<\/strong><\/span><br \/>rybar (at) ybux.eu<br \/>+420 603 981 099<\/p>\t\t\t\t\t\t\t\t<\/div>\n\t\t\t\t<\/div>\n\t\t\t\t\t<\/div>\n\t\t\t\t<\/div>\n\t\t<div class=\"elementor-element elementor-element-2b241a0 e-flex e-con-boxed e-con e-parent\" data-id=\"2b241a0\" data-element_type=\"container\">\n\t\t\t\t\t<div class=\"e-con-inner\">\n\t\t\t\t<div class=\"elementor-element elementor-element-f7097eb elementor-widget elementor-widget-image\" data-id=\"f7097eb\" data-element_type=\"widget\" data-widget_type=\"image.default\">\n\t\t\t\t<div class=\"elementor-widget-container\">\n\t\t\t\t\t\t\t\t\t\t\t\t\t\t\t<img loading=\"lazy\" decoding=\"async\" width=\"2431\" height=\"1050\" src=\"https:\/\/ybux.eu\/wp-content\/uploads\/2024\/09\/chloe_screen.jpg\" class=\"attachment-full size-full wp-image-288\" alt=\"\" srcset=\"https:\/\/ybux.eu\/wp-content\/uploads\/2024\/09\/chloe_screen.jpg 2431w, https:\/\/ybux.eu\/wp-content\/uploads\/2024\/09\/chloe_screen-300x130.jpg 300w, https:\/\/ybux.eu\/wp-content\/uploads\/2024\/09\/chloe_screen-1024x442.jpg 1024w, https:\/\/ybux.eu\/wp-content\/uploads\/2024\/09\/chloe_screen-768x332.jpg 768w, https:\/\/ybux.eu\/wp-content\/uploads\/2024\/09\/chloe_screen-1536x663.jpg 1536w, https:\/\/ybux.eu\/wp-content\/uploads\/2024\/09\/chloe_screen-2048x885.jpg 2048w, https:\/\/ybux.eu\/wp-content\/uploads\/2024\/09\/chloe_screen-150x65.jpg 150w\" sizes=\"(max-width: 2431px) 100vw, 2431px\" \/>\t\t\t\t\t\t\t\t\t\t\t\t\t\t\t<\/div>\n\t\t\t\t<\/div>\n\t\t\t\t\t<\/div>\n\t\t\t\t<\/div>\n\t\t\t\t<\/div>\n\t\t","protected":false},"excerpt":{"rendered":"<p>Roman Ryb\u00e1\u0159, Ph.D. +420 603 981 099 rybar@ybux.eu Chloe Prvn\u00ed a jedin\u00fd transparentn\u00ed n\u00e1stroj na podporu spr\u00e1vn\u00e9ho rozhodnut\u00ed o p\u0159enosu kvalitn\u00edho embrya zalo\u017een\u00fd na um\u011bl\u00e9 inteligenci. V\u00edce ne\u017e jen sk\u00f3re! Asistent hodnocen\u00ed embry\u00ed s um\u011blou inteligenc\u00ed Poskytuje transparentn\u00ed data Urychluje a zlep\u0161uje p\u0159esnost v\u00fdb\u011bru embry\u00ed Umo\u017e\u0148uje zp\u011btnou kontrolu selek\u010dn\u00edch krit\u00e9ri\u00ed&#8230;<\/p>\n<p> <a class=\"continue-reading-link\" href=\"http:\/\/ybux.eu\/?page_id=279\"><span>V\u00edce zde -&gt;<\/span><i class=\"crycon-right-dir\"><\/i><\/a> <\/p>\n","protected":false},"author":4,"featured_media":0,"parent":0,"menu_order":0,"comment_status":"closed","ping_status":"closed","template":"","meta":{"footnotes":""},"class_list":["post-279","page","type-page","status-publish","hentry"],"_links":{"self":[{"href":"http:\/\/ybux.eu\/index.php?rest_route=\/wp\/v2\/pages\/279","targetHints":{"allow":["GET"]}}],"collection":[{"href":"http:\/\/ybux.eu\/index.php?rest_route=\/wp\/v2\/pages"}],"about":[{"href":"http:\/\/ybux.eu\/index.php?rest_route=\/wp\/v2\/types\/page"}],"author":[{"embeddable":true,"href":"http:\/\/ybux.eu\/index.php?rest_route=\/wp\/v2\/users\/4"}],"replies":[{"embeddable":true,"href":"http:\/\/ybux.eu\/index.php?rest_route=%2Fwp%2Fv2%2Fcomments&post=279"}],"version-history":[{"count":13,"href":"http:\/\/ybux.eu\/index.php?rest_route=\/wp\/v2\/pages\/279\/revisions"}],"predecessor-version":[{"id":602,"href":"http:\/\/ybux.eu\/index.php?rest_route=\/wp\/v2\/pages\/279\/revisions\/602"}],"wp:attachment":[{"href":"http:\/\/ybux.eu\/index.php?rest_route=%2Fwp%2Fv2%2Fmedia&parent=279"}],"curies":[{"name":"wp","href":"https:\/\/api.w.org\/{rel}","templated":true}]}}