{"id":277,"date":"2024-09-25T10:08:10","date_gmt":"2024-09-25T08:08:10","guid":{"rendered":"http:\/\/ybux.eu\/?page_id=277"},"modified":"2025-05-16T09:23:53","modified_gmt":"2025-05-16T07:23:53","slug":"komplexni-dodavky","status":"publish","type":"page","link":"http:\/\/ybux.eu\/?page_id=277","title":{"rendered":"Komplexn\u00ed dod\u00e1vky"},"content":{"rendered":"\t\t<div data-elementor-type=\"wp-post\" data-elementor-id=\"277\" class=\"elementor elementor-277\">\n\t\t\t\t<div class=\"elementor-element elementor-element-7ab7028 e-flex e-con-boxed e-con e-parent\" data-id=\"7ab7028\" data-element_type=\"container\">\n\t\t\t\t\t<div class=\"e-con-inner\">\n\t\t<div class=\"elementor-element elementor-element-038097d e-con-full e-flex e-con e-child\" data-id=\"038097d\" data-element_type=\"container\">\n\t\t\t\t<div class=\"elementor-element elementor-element-4abef92 elementor-widget__width-initial elementor-position-top elementor-widget elementor-widget-image-box\" data-id=\"4abef92\" data-element_type=\"widget\" data-widget_type=\"image-box.default\">\n\t\t\t\t<div class=\"elementor-widget-container\">\n\t\t\t\t\t<div class=\"elementor-image-box-wrapper\"><figure class=\"elementor-image-box-img\"><img fetchpriority=\"high\" decoding=\"async\" width=\"350\" height=\"280\" src=\"http:\/\/ybux.eu\/wp-content\/uploads\/2024\/08\/cropped-favicon-350x280.jpg\" class=\"attachment-custom size-custom wp-image-25\" alt=\"\" \/><\/figure><div class=\"elementor-image-box-content\"><div class=\"elementor-image-box-title\">Roman Ryb\u00e1\u0159, Ph.D.<\/div><p class=\"elementor-image-box-description\">+420 603 981 099\nrybar@ybux.eu<\/p><\/div><\/div>\t\t\t\t<\/div>\n\t\t\t\t<\/div>\n\t\t\t\t<\/div>\n\t\t<div class=\"elementor-element elementor-element-5a547a9 e-con-full e-flex e-con e-child\" data-id=\"5a547a9\" data-element_type=\"container\">\n\t\t<div class=\"elementor-element elementor-element-6b1cfe4 e-con-full e-flex e-con e-child\" data-id=\"6b1cfe4\" data-element_type=\"container\">\n\t\t\t\t<div class=\"elementor-element elementor-element-db758e0 elementor-widget elementor-widget-heading\" data-id=\"db758e0\" data-element_type=\"widget\" data-widget_type=\"heading.default\">\n\t\t\t\t<div class=\"elementor-widget-container\">\n\t\t\t\t\t<h2 class=\"elementor-heading-title elementor-size-default\">Komplexn\u00ed dod\u00e1vky<\/h2>\t\t\t\t<\/div>\n\t\t\t\t<\/div>\n\t\t\t\t<div class=\"elementor-element elementor-element-150b6f9 elementor-widget__width-initial elementor-widget elementor-widget-text-editor\" data-id=\"150b6f9\" data-element_type=\"widget\" data-widget_type=\"text-editor.default\">\n\t\t\t\t<div class=\"elementor-widget-container\">\n\t\t\t\t\t\t\t\t\t<ul><li><strong>Dod\u00e1v\u00e1me IVF centra asistovan\u00e9 reprodukce na kl\u00ed\u010d<\/strong><\/li><li><strong>Individu\u00e1ln\u00ed \u0159e\u0161en\u00ed<\/strong>\u00a0nov\u00e9ho nebo modernizovan\u00e9ho centra<\/li><li><strong>\u00daspora<\/strong>\u00a0\u010dasov\u00fdch i finan\u010dn\u00edch n\u00e1klad\u016f<\/li><li><b>Garance <\/b>funk\u010dnosti, kompatibility, servisu a finan\u010dn\u00edch v\u00fdhod (sleva, spl\u00e1tky, financov\u00e1n\u00ed)\u00a0<\/li><\/ul>\t\t\t\t\t\t\t\t<\/div>\n\t\t\t\t<\/div>\n\t\t\t\t<\/div>\n\t\t\t\t<\/div>\n\t\t\t\t\t<\/div>\n\t\t\t\t<\/div>\n\t\t<div class=\"elementor-element elementor-element-512a9ad e-flex e-con-boxed e-con e-parent\" data-id=\"512a9ad\" data-element_type=\"container\">\n\t\t\t\t\t<div class=\"e-con-inner\">\n\t\t<div class=\"elementor-element elementor-element-10c81a5 e-con-full e-grid e-con e-child\" data-id=\"10c81a5\" data-element_type=\"container\">\n\t\t\t\t<div class=\"elementor-element elementor-element-8b6b76e elementor-widget__width-initial elementor-widget elementor-widget-text-editor\" data-id=\"8b6b76e\" data-element_type=\"widget\" data-widget_type=\"text-editor.default\">\n\t\t\t\t<div class=\"elementor-widget-container\">\n\t\t\t\t\t\t\t\t\t<h2 style=\"font-style: normal; font-variant-ligatures: normal; font-variant-caps: normal;\" data-elementor-setting-key=\"title\" data-pen-placeholder=\"Pi\u0161te zde...\">Etapy realizace komplexn\u00ed dod\u00e1vky:<\/h2><ul><li>Studium z\u00e1m\u011bru, spolupr\u00e1ce s klientem na p\u0159\u00edprav\u011b projektu<\/li><li>P\u0159edlo\u017een\u00ed mo\u017en\u00fdch variant \u0159e\u0161en\u00ed vybaven\u00ed prost\u0159edky zdravotnick\u00e9 techniky<\/li><li>Produktov\u00e1, funk\u010dn\u00ed a cenov\u00e1 finalizace projektu<\/li><li>Nastaven\u00ed optim\u00e1ln\u00edch podm\u00ednek\u00a0<span style=\"font-family: Arial, Helvetica, sans-serif; font-size: 17px; font-style: normal; font-variant-ligatures: normal; font-variant-caps: normal; font-weight: 400;\">servisu a financov\u00e1n\u00ed<\/span><\/li><li>Realizace<\/li><li>P\u0159ed\u00e1n\u00ed funk\u010dn\u00edho centra a garanc\u00ed<\/li><\/ul>\t\t\t\t\t\t\t\t<\/div>\n\t\t\t\t<\/div>\n\t\t\t\t<div class=\"elementor-element elementor-element-39f82a2 elementor-widget elementor-widget-image\" data-id=\"39f82a2\" data-element_type=\"widget\" data-widget_type=\"image.default\">\n\t\t\t\t<div class=\"elementor-widget-container\">\n\t\t\t\t\t\t\t\t\t\t\t\t\t\t\t<img decoding=\"async\" width=\"300\" height=\"225\" src=\"http:\/\/ybux.eu\/wp-content\/uploads\/2024\/08\/chloe_screen-3-e1723533317736-300x225.jpg\" class=\"attachment-medium size-medium wp-image-68\" alt=\"\" srcset=\"http:\/\/ybux.eu\/wp-content\/uploads\/2024\/08\/chloe_screen-3-e1723533317736-300x225.jpg 300w, http:\/\/ybux.eu\/wp-content\/uploads\/2024\/08\/chloe_screen-3-e1723533317736-1024x769.jpg 1024w, http:\/\/ybux.eu\/wp-content\/uploads\/2024\/08\/chloe_screen-3-e1723533317736-768x577.jpg 768w, http:\/\/ybux.eu\/wp-content\/uploads\/2024\/08\/chloe_screen-3-e1723533317736-150x113.jpg 150w, http:\/\/ybux.eu\/wp-content\/uploads\/2024\/08\/chloe_screen-3-e1723533317736.jpg 1397w\" sizes=\"(max-width: 300px) 100vw, 300px\" \/>\t\t\t\t\t\t\t\t\t\t\t\t\t\t\t<\/div>\n\t\t\t\t<\/div>\n\t\t\t\t<\/div>\n\t\t\t\t\t<\/div>\n\t\t\t\t<\/div>\n\t\t<div class=\"elementor-element elementor-element-108e5e8 e-flex e-con-boxed e-con e-parent\" data-id=\"108e5e8\" data-element_type=\"container\">\n\t\t\t\t\t<div class=\"e-con-inner\">\n\t\t<div class=\"elementor-element elementor-element-4774a55 e-con-full e-grid e-con e-child\" data-id=\"4774a55\" data-element_type=\"container\">\n\t\t\t\t<div class=\"elementor-element elementor-element-6453546 elementor-widget__width-initial elementor-widget elementor-widget-text-editor\" data-id=\"6453546\" data-element_type=\"widget\" data-widget_type=\"text-editor.default\">\n\t\t\t\t<div class=\"elementor-widget-container\">\n\t\t\t\t\t\t\t\t\t<p><span style=\"color: #cd1e5a;\"><strong>Zku\u0161enosti<\/strong><\/span><\/p><ul><li><strong>v\u00edce ne\u017e 30\u00a0realizovan\u00fdch komplexn\u00edch projekt\u016f<\/strong><\/li><\/ul>\t\t\t\t\t\t\t\t<\/div>\n\t\t\t\t<\/div>\n\t\t\t\t<\/div>\n\t\t\t\t\t<\/div>\n\t\t\t\t<\/div>\n\t\t<div class=\"elementor-element elementor-element-6645373 e-flex e-con-boxed e-con e-parent\" data-id=\"6645373\" data-element_type=\"container\">\n\t\t\t\t\t<div class=\"e-con-inner\">\n\t\t\t\t<div class=\"elementor-element elementor-element-2dfe1bf elementor-widget elementor-widget-text-editor\" data-id=\"2dfe1bf\" data-element_type=\"widget\" data-widget_type=\"text-editor.default\">\n\t\t\t\t<div class=\"elementor-widget-container\">\n\t\t\t\t\t\t\t\t\t<p><span style=\"color: #cd1e5a;\"><strong>Kontakt pro bli\u017e\u0161\u00ed informace a objedn\u00e1n\u00ed:<\/strong><\/span><\/p><p><span style=\"color: #0a3269;\"><strong>Roman Ryb\u00e1\u0159<\/strong><\/span><br \/>rybar@ybux.eu<br \/>+420 603 981 099<\/p>\t\t\t\t\t\t\t\t<\/div>\n\t\t\t\t<\/div>\n\t\t\t\t\t<\/div>\n\t\t\t\t<\/div>\n\t\t\t\t<\/div>\n\t\t","protected":false},"excerpt":{"rendered":"<p>Roman Ryb\u00e1\u0159, Ph.D. +420 603 981 099 rybar@ybux.eu Komplexn\u00ed dod\u00e1vky Dod\u00e1v\u00e1me IVF centra asistovan\u00e9 reprodukce na kl\u00ed\u010d Individu\u00e1ln\u00ed \u0159e\u0161en\u00ed\u00a0nov\u00e9ho nebo modernizovan\u00e9ho centra \u00daspora\u00a0\u010dasov\u00fdch i finan\u010dn\u00edch n\u00e1klad\u016f Garance funk\u010dnosti, kompatibility, servisu a finan\u010dn\u00edch v\u00fdhod (sleva, spl\u00e1tky, financov\u00e1n\u00ed)\u00a0 Etapy realizace komplexn\u00ed dod\u00e1vky: Studium z\u00e1m\u011bru, spolupr\u00e1ce s klientem na p\u0159\u00edprav\u011b projektu P\u0159edlo\u017een\u00ed mo\u017en\u00fdch&#8230;<\/p>\n<p> <a class=\"continue-reading-link\" href=\"http:\/\/ybux.eu\/?page_id=277\"><span>V\u00edce zde -&gt;<\/span><i class=\"crycon-right-dir\"><\/i><\/a> <\/p>\n","protected":false},"author":4,"featured_media":0,"parent":0,"menu_order":0,"comment_status":"closed","ping_status":"closed","template":"","meta":{"footnotes":""},"class_list":["post-277","page","type-page","status-publish","hentry"],"_links":{"self":[{"href":"http:\/\/ybux.eu\/index.php?rest_route=\/wp\/v2\/pages\/277","targetHints":{"allow":["GET"]}}],"collection":[{"href":"http:\/\/ybux.eu\/index.php?rest_route=\/wp\/v2\/pages"}],"about":[{"href":"http:\/\/ybux.eu\/index.php?rest_route=\/wp\/v2\/types\/page"}],"author":[{"embeddable":true,"href":"http:\/\/ybux.eu\/index.php?rest_route=\/wp\/v2\/users\/4"}],"replies":[{"embeddable":true,"href":"http:\/\/ybux.eu\/index.php?rest_route=%2Fwp%2Fv2%2Fcomments&post=277"}],"version-history":[{"count":19,"href":"http:\/\/ybux.eu\/index.php?rest_route=\/wp\/v2\/pages\/277\/revisions"}],"predecessor-version":[{"id":843,"href":"http:\/\/ybux.eu\/index.php?rest_route=\/wp\/v2\/pages\/277\/revisions\/843"}],"wp:attachment":[{"href":"http:\/\/ybux.eu\/index.php?rest_route=%2Fwp%2Fv2%2Fmedia&parent=277"}],"curies":[{"name":"wp","href":"https:\/\/api.w.org\/{rel}","templated":true}]}}