{"id":118,"date":"2024-09-05T13:48:53","date_gmt":"2024-09-05T11:48:53","guid":{"rendered":"http:\/\/ybux.eu\/?page_id=118"},"modified":"2026-01-26T10:46:23","modified_gmt":"2026-01-26T09:46:23","slug":"kontakty","status":"publish","type":"page","link":"http:\/\/ybux.eu\/?page_id=118","title":{"rendered":"Kontakty"},"content":{"rendered":"\t\t<div data-elementor-type=\"wp-page\" data-elementor-id=\"118\" class=\"elementor elementor-118\">\n\t\t\t\t<div class=\"elementor-element elementor-element-70ba881 e-grid e-con-boxed e-con e-parent\" data-id=\"70ba881\" data-element_type=\"container\">\n\t\t\t\t\t<div class=\"e-con-inner\">\n\t\t\t\t<div class=\"elementor-element elementor-element-883c96a elementor-widget elementor-widget-text-editor\" data-id=\"883c96a\" data-element_type=\"widget\" data-widget_type=\"text-editor.default\">\n\t\t\t\t<div class=\"elementor-widget-container\">\n\t\t\t\t\t\t\t\t\t<p><strong>YBUX s.r.o.<\/strong><\/p><p>I\u010cO: 63487951<br \/>DI\u010c: CZ63487951<\/p><p>Zapsan\u00fd u\u00a0<span style=\"font-family: Arial, Helvetica, sans-serif; font-size: 17px; font-style: normal; font-variant-ligatures: normal; font-variant-caps: normal; font-weight: 400; text-align: var(--text-align);\">Krajsk\u00fd soud v Brn\u011b, spisov\u00e1 zna\u010dka\u00a0<\/span><span style=\"text-align: var(--text-align);\">C 21517\/KSBR\u00a0<\/span><\/p>\t\t\t\t\t\t\t\t<\/div>\n\t\t\t\t<\/div>\n\t\t\t\t<div class=\"elementor-element elementor-element-4ac325c elementor-widget elementor-widget-text-editor\" data-id=\"4ac325c\" data-element_type=\"widget\" data-widget_type=\"text-editor.default\">\n\t\t\t\t<div class=\"elementor-widget-container\">\n\t\t\t\t\t\t\t\t\t<p><strong>Faktura\u010dn\u00ed adresa<\/strong><\/p><p>Kramol\u00ednsk\u00e1 955 <br \/>199 00 Praha 9 &#8211; Let\u0148any<\/p>\t\t\t\t\t\t\t\t<\/div>\n\t\t\t\t<\/div>\n\t\t\t\t<div class=\"elementor-element elementor-element-e8e0969 elementor-widget elementor-widget-text-editor\" data-id=\"e8e0969\" data-element_type=\"widget\" data-widget_type=\"text-editor.default\">\n\t\t\t\t<div class=\"elementor-widget-container\">\n\t\t\t\t\t\t\t\t\t<p><strong>Provozovna<\/strong><\/p><p>Brn\u011bnsk\u00e1 684<br \/>664 42 Mod\u0159ice<\/p>\t\t\t\t\t\t\t\t<\/div>\n\t\t\t\t<\/div>\n\t\t\t\t<div class=\"elementor-element elementor-element-71196f9 elementor-widget elementor-widget-text-editor\" data-id=\"71196f9\" data-element_type=\"widget\" data-widget_type=\"text-editor.default\">\n\t\t\t\t<div class=\"elementor-widget-container\">\n\t\t\t\t\t\t\t\t\t<p><strong>Objedn\u00e1vky<\/strong><\/p><p>\u260f +420 602 643 626<br \/>@ czech@ybux.eu<\/p>\t\t\t\t\t\t\t\t<\/div>\n\t\t\t\t<\/div>\n\t\t\t\t<div class=\"elementor-element elementor-element-f76c5b5 elementor-widget elementor-widget-text-editor\" data-id=\"f76c5b5\" data-element_type=\"widget\" data-widget_type=\"text-editor.default\">\n\t\t\t\t<div class=\"elementor-widget-container\">\n\t\t\t\t\t\t\t\t\t<p><strong>Servis<\/strong><\/p><p>\u260f +420 602 156 898<br \/>@ servis@ybux.eu<\/p>\t\t\t\t\t\t\t\t<\/div>\n\t\t\t\t<\/div>\n\t\t\t\t<div class=\"elementor-element elementor-element-2892512 elementor-widget elementor-widget-text-editor\" data-id=\"2892512\" data-element_type=\"widget\" data-widget_type=\"text-editor.default\">\n\t\t\t\t<div class=\"elementor-widget-container\">\n\t\t\t\t\t\t\t\t\t<p><strong>Sklad<\/strong><\/p><p>\u260f +420 704 651 344<\/p>\t\t\t\t\t\t\t\t<\/div>\n\t\t\t\t<\/div>\n\t\t\t\t\t<\/div>\n\t\t\t\t<\/div>\n\t\t<div class=\"elementor-element elementor-element-9dab0ae e-flex e-con-boxed e-con e-parent\" data-id=\"9dab0ae\" data-element_type=\"container\">\n\t\t\t\t\t<div class=\"e-con-inner\">\n\t\t\t\t<div class=\"elementor-element elementor-element-46ad90d elementor-widget-divider--view-line elementor-widget elementor-widget-divider\" data-id=\"46ad90d\" data-element_type=\"widget\" data-widget_type=\"divider.default\">\n\t\t\t\t<div class=\"elementor-widget-container\">\n\t\t\t\t\t\t\t<div class=\"elementor-divider\">\n\t\t\t<span class=\"elementor-divider-separator\">\n\t\t\t\t\t\t<\/span>\n\t\t<\/div>\n\t\t\t\t\t\t<\/div>\n\t\t\t\t<\/div>\n\t\t\t\t\t<\/div>\n\t\t\t\t<\/div>\n\t\t<div class=\"elementor-element elementor-element-cbb6e06 e-flex e-con-boxed e-con e-parent\" data-id=\"cbb6e06\" data-element_type=\"container\">\n\t\t\t\t\t<div class=\"e-con-inner\">\n\t\t\t\t<div class=\"elementor-element elementor-element-473e9dd elementor-widget__width-initial elementor-position-top elementor-widget elementor-widget-image-box\" data-id=\"473e9dd\" data-element_type=\"widget\" data-widget_type=\"image-box.default\">\n\t\t\t\t<div class=\"elementor-widget-container\">\n\t\t\t\t\t<div class=\"elementor-image-box-wrapper\"><figure class=\"elementor-image-box-img\"><img fetchpriority=\"high\" decoding=\"async\" width=\"350\" height=\"280\" src=\"http:\/\/ybux.eu\/wp-content\/uploads\/2024\/08\/cropped-favicon-350x280.jpg\" class=\"attachment-custom size-custom wp-image-25\" alt=\"\" \/><\/figure><div class=\"elementor-image-box-content\"><div class=\"elementor-image-box-title\">Komplexn\u00ed dod\u00e1vky<\/div><p class=\"elementor-image-box-description\">rybar@ybux.eu<br>+420 603 981 099<\/p><\/div><\/div>\t\t\t\t<\/div>\n\t\t\t\t<\/div>\n\t\t\t\t<div class=\"elementor-element elementor-element-6920eef elementor-widget__width-initial elementor-position-top elementor-widget elementor-widget-image-box\" data-id=\"6920eef\" data-element_type=\"widget\" data-widget_type=\"image-box.default\">\n\t\t\t\t<div class=\"elementor-widget-container\">\n\t\t\t\t\t<div class=\"elementor-image-box-wrapper\"><figure class=\"elementor-image-box-img\"><img fetchpriority=\"high\" decoding=\"async\" width=\"350\" height=\"280\" src=\"http:\/\/ybux.eu\/wp-content\/uploads\/2024\/08\/cropped-favicon-350x280.jpg\" class=\"attachment-custom size-custom wp-image-25\" alt=\"\" \/><\/figure><div class=\"elementor-image-box-content\"><div class=\"elementor-image-box-title\"><span style=\"font-family: Arial, Helvetica, sans-serif; font-size: 17px; font-style: normal; font-variant-ligatures: normal; font-variant-caps: normal; font-weight: 700;\">P\u0159\u00edstroje<\/span><\/div><p class=\"elementor-image-box-description\">rybar@ybux.eu<br>+420 603 981 099<\/p><\/div><\/div>\t\t\t\t<\/div>\n\t\t\t\t<\/div>\n\t\t\t\t<div class=\"elementor-element elementor-element-d316611 elementor-widget__width-initial elementor-position-top elementor-widget elementor-widget-image-box\" data-id=\"d316611\" data-element_type=\"widget\" data-widget_type=\"image-box.default\">\n\t\t\t\t<div class=\"elementor-widget-container\">\n\t\t\t\t\t<div class=\"elementor-image-box-wrapper\"><figure class=\"elementor-image-box-img\"><img fetchpriority=\"high\" decoding=\"async\" width=\"350\" height=\"280\" src=\"http:\/\/ybux.eu\/wp-content\/uploads\/2024\/08\/cropped-favicon-350x280.jpg\" class=\"attachment-custom size-custom wp-image-25\" alt=\"\" \/><\/figure><div class=\"elementor-image-box-content\"><div class=\"elementor-image-box-title\">Obchodn\u00ed odd\u011blen\u00ed<br><span style=\"font-weight: 400; white-space-collapse: collapse;\">sverhova@ybux.eu<\/span><br style=\"font-weight: 400;\"><span style=\"font-style: normal; font-variant-ligatures: normal; font-variant-caps: normal; font-weight: 400; font-size: 17px; font-family: Arial, Helvetica, sans-serif; white-space-collapse: collapse;\">+420 737 897 808<\/span><span style=\"color: rgb(36, 36, 36);\"><br><\/span><\/div><\/div><\/div>\t\t\t\t<\/div>\n\t\t\t\t<\/div>\n\t\t\t\t<div class=\"elementor-element elementor-element-39ac1c7 elementor-widget__width-initial elementor-position-top elementor-widget elementor-widget-image-box\" data-id=\"39ac1c7\" data-element_type=\"widget\" data-widget_type=\"image-box.default\">\n\t\t\t\t<div class=\"elementor-widget-container\">\n\t\t\t\t\t<div class=\"elementor-image-box-wrapper\"><figure class=\"elementor-image-box-img\"><img fetchpriority=\"high\" decoding=\"async\" width=\"350\" height=\"280\" src=\"http:\/\/ybux.eu\/wp-content\/uploads\/2024\/08\/cropped-favicon-350x280.jpg\" class=\"attachment-custom size-custom wp-image-25\" alt=\"\" \/><\/figure><div class=\"elementor-image-box-content\"><div class=\"elementor-image-box-title\">Servis<\/div><p class=\"elementor-image-box-description\"><span style=\"font-family: Arial, Helvetica, sans-serif; font-size: 17px; font-style: normal; font-variant-ligatures: normal; font-variant-caps: normal; font-weight: 400; white-space-collapse: collapse;\">&nbsp;servis@ybux.eu<\/span><br><span style=\"font-family: Arial, Helvetica, sans-serif; font-size: 17px; font-style: normal; font-variant-ligatures: normal; font-variant-caps: normal; font-weight: 400; white-space-collapse: collapse;\">+420 605 498 527<\/span><\/p><\/div><\/div>\t\t\t\t<\/div>\n\t\t\t\t<\/div>\n\t\t\t\t\t<\/div>\n\t\t\t\t<\/div>\n\t\t\t\t<\/div>\n\t\t","protected":false},"excerpt":{"rendered":"<p>YBUX s.r.o. I\u010cO: 63487951DI\u010c: CZ63487951 Zapsan\u00fd u\u00a0Krajsk\u00fd soud v Brn\u011b, spisov\u00e1 zna\u010dka\u00a0C 21517\/KSBR\u00a0 Faktura\u010dn\u00ed adresa Kramol\u00ednsk\u00e1 955 199 00 Praha 9 &#8211; Let\u0148any Provozovna Brn\u011bnsk\u00e1 684664 42 Mod\u0159ice Objedn\u00e1vky \u260f +420 602 643 626@ czech@ybux.eu Servis \u260f +420 602 156 898@ servis@ybux.eu Sklad \u260f +420 704 651 344 Komplexn\u00ed dod\u00e1vky&#8230;<\/p>\n<p> <a class=\"continue-reading-link\" href=\"http:\/\/ybux.eu\/?page_id=118\"><span>V\u00edce zde -&gt;<\/span><i class=\"crycon-right-dir\"><\/i><\/a> <\/p>\n","protected":false},"author":4,"featured_media":28,"parent":0,"menu_order":0,"comment_status":"closed","ping_status":"closed","template":"","meta":{"footnotes":""},"class_list":["post-118","page","type-page","status-publish","has-post-thumbnail","hentry"],"_links":{"self":[{"href":"http:\/\/ybux.eu\/index.php?rest_route=\/wp\/v2\/pages\/118","targetHints":{"allow":["GET"]}}],"collection":[{"href":"http:\/\/ybux.eu\/index.php?rest_route=\/wp\/v2\/pages"}],"about":[{"href":"http:\/\/ybux.eu\/index.php?rest_route=\/wp\/v2\/types\/page"}],"author":[{"embeddable":true,"href":"http:\/\/ybux.eu\/index.php?rest_route=\/wp\/v2\/users\/4"}],"replies":[{"embeddable":true,"href":"http:\/\/ybux.eu\/index.php?rest_route=%2Fwp%2Fv2%2Fcomments&post=118"}],"version-history":[{"count":34,"href":"http:\/\/ybux.eu\/index.php?rest_route=\/wp\/v2\/pages\/118\/revisions"}],"predecessor-version":[{"id":862,"href":"http:\/\/ybux.eu\/index.php?rest_route=\/wp\/v2\/pages\/118\/revisions\/862"}],"wp:featuredmedia":[{"embeddable":true,"href":"http:\/\/ybux.eu\/index.php?rest_route=\/wp\/v2\/media\/28"}],"wp:attachment":[{"href":"http:\/\/ybux.eu\/index.php?rest_route=%2Fwp%2Fv2%2Fmedia&parent=118"}],"curies":[{"name":"wp","href":"https:\/\/api.w.org\/{rel}","templated":true}]}}