{"id":11,"date":"2024-08-13T08:46:57","date_gmt":"2024-08-13T06:46:57","guid":{"rendered":"http:\/\/ybux.eu\/?page_id=11"},"modified":"2025-04-14T15:28:07","modified_gmt":"2025-04-14T13:28:07","slug":"servis","status":"publish","type":"page","link":"http:\/\/ybux.eu\/?page_id=11","title":{"rendered":"Servis"},"content":{"rendered":"\t\t<div data-elementor-type=\"wp-post\" data-elementor-id=\"11\" class=\"elementor elementor-11\">\n\t\t\t\t<div class=\"elementor-element elementor-element-5f00220 e-flex e-con-boxed e-con e-parent\" data-id=\"5f00220\" data-element_type=\"container\">\n\t\t\t\t\t<div class=\"e-con-inner\">\n\t\t\t\t<div class=\"elementor-element elementor-element-b8fe8af elementor-widget elementor-widget-text-editor\" data-id=\"b8fe8af\" data-element_type=\"widget\" data-widget_type=\"text-editor.default\">\n\t\t\t\t<div class=\"elementor-widget-container\">\n\t\t\t\t\t\t\t\t\t<p>Z\u00e1kazn\u00edk\u016fm poskytujeme profesion\u00e1ln\u00ed, odborn\u00fd a v\u017edy dostupn\u00fd servis nejenom n\u00e1mi dod\u00e1van\u00fdch p\u0159\u00edstroj\u016f. Disponujeme t\u00fdmem zku\u0161en\u00fdch a pravideln\u011b \u0161kolen\u00fdch servisn\u00edch technik\u016f. Na\u0161\u00edm mottem je za v\u0161ech okolnost\u00ed m<span style=\"text-align: var(--text-align);\">axim\u00e1ln\u00ed spokojenost z\u00e1kazn\u00edka.<\/span><\/p>\t\t\t\t\t\t\t\t<\/div>\n\t\t\t\t<\/div>\n\t\t\t\t<div class=\"elementor-element elementor-element-007897a elementor-widget__width-initial elementor-position-top elementor-widget elementor-widget-image-box\" data-id=\"007897a\" data-element_type=\"widget\" data-widget_type=\"image-box.default\">\n\t\t\t\t<div class=\"elementor-widget-container\">\n\t\t\t\t\t<div class=\"elementor-image-box-wrapper\"><figure class=\"elementor-image-box-img\"><img fetchpriority=\"high\" decoding=\"async\" width=\"350\" height=\"280\" src=\"https:\/\/ybux.eu\/wp-content\/uploads\/2024\/08\/cropped-favicon-350x280.jpg\" class=\"attachment-custom size-custom wp-image-25\" alt=\"\" \/><\/figure><div class=\"elementor-image-box-content\"><div class=\"elementor-image-box-title\">David \u0160los\u00e1rek<\/div><p class=\"elementor-image-box-description\">+420 605 498 527\nservis@ybux.eu<\/p><\/div><\/div>\t\t\t\t<\/div>\n\t\t\t\t<\/div>\n\t\t\t\t\t<\/div>\n\t\t\t\t<\/div>\n\t\t<div class=\"elementor-element elementor-element-512a9ad e-flex e-con-boxed e-con e-parent\" data-id=\"512a9ad\" data-element_type=\"container\">\n\t\t\t\t\t<div class=\"e-con-inner\">\n\t\t<div class=\"elementor-element elementor-element-10c81a5 e-con-full e-grid e-con e-child\" data-id=\"10c81a5\" data-element_type=\"container\">\n\t\t\t\t<div class=\"elementor-element elementor-element-8b6b76e elementor-widget__width-initial elementor-widget elementor-widget-text-editor\" data-id=\"8b6b76e\" data-element_type=\"widget\" data-widget_type=\"text-editor.default\">\n\t\t\t\t<div class=\"elementor-widget-container\">\n\t\t\t\t\t\t\t\t\t<p><strong>V\u00fdhody servisu YBUX:<\/strong><\/p><ul><li>Odbornost, know-how a specializace<\/li><li>Proaktivita, vst\u0159\u00edcnost a \u010dasov\u00e1 flexibilita<\/li><li>Kvalitn\u00ed technika a \u0161pi\u010dkov\u00e1 m\u011b\u0159\u00edc\u00ed za\u0159\u00edzen\u00ed<\/li><li>Konzultace a poradenstv\u00ed<\/li><li>Mo\u017enost kalibrace a validace za\u0159\u00edzen\u00ed<\/li><\/ul>\t\t\t\t\t\t\t\t<\/div>\n\t\t\t\t<\/div>\n\t\t\t\t<div class=\"elementor-element elementor-element-39f82a2 elementor-widget elementor-widget-image\" data-id=\"39f82a2\" data-element_type=\"widget\" data-widget_type=\"image.default\">\n\t\t\t\t<div class=\"elementor-widget-container\">\n\t\t\t\t\t\t\t\t\t\t\t\t\t\t\t<img decoding=\"async\" width=\"300\" height=\"200\" src=\"https:\/\/ybux.eu\/wp-content\/uploads\/2024\/10\/process-of-in-vitro-fertilization-300x200.webp\" class=\"attachment-medium size-medium wp-image-691\" alt=\"\" srcset=\"https:\/\/ybux.eu\/wp-content\/uploads\/2024\/10\/process-of-in-vitro-fertilization-300x200.webp 300w, https:\/\/ybux.eu\/wp-content\/uploads\/2024\/10\/process-of-in-vitro-fertilization-150x100.webp 150w, https:\/\/ybux.eu\/wp-content\/uploads\/2024\/10\/process-of-in-vitro-fertilization.webp 600w\" sizes=\"(max-width: 300px) 100vw, 300px\" \/>\t\t\t\t\t\t\t\t\t\t\t\t\t\t\t<\/div>\n\t\t\t\t<\/div>\n\t\t\t\t<\/div>\n\t\t\t\t\t<\/div>\n\t\t\t\t<\/div>\n\t\t<div class=\"elementor-element elementor-element-c705849 e-flex e-con-boxed e-con e-parent\" data-id=\"c705849\" data-element_type=\"container\">\n\t\t\t\t\t<div class=\"e-con-inner\">\n\t\t<div class=\"elementor-element elementor-element-645bade e-con-full e-grid e-con e-child\" data-id=\"645bade\" data-element_type=\"container\">\n\t\t\t\t<div class=\"elementor-element elementor-element-b2a0781 elementor-widget elementor-widget-image\" data-id=\"b2a0781\" data-element_type=\"widget\" data-widget_type=\"image.default\">\n\t\t\t\t<div class=\"elementor-widget-container\">\n\t\t\t\t\t\t\t\t\t\t\t\t\t\t\t<img decoding=\"async\" width=\"300\" height=\"200\" src=\"https:\/\/ybux.eu\/wp-content\/uploads\/2024\/10\/professional-scientists-working-300x200.webp\" class=\"attachment-medium size-medium wp-image-695\" alt=\"\" srcset=\"https:\/\/ybux.eu\/wp-content\/uploads\/2024\/10\/professional-scientists-working-300x200.webp 300w, https:\/\/ybux.eu\/wp-content\/uploads\/2024\/10\/professional-scientists-working-150x100.webp 150w, https:\/\/ybux.eu\/wp-content\/uploads\/2024\/10\/professional-scientists-working.webp 600w\" sizes=\"(max-width: 300px) 100vw, 300px\" \/>\t\t\t\t\t\t\t\t\t\t\t\t\t\t\t<\/div>\n\t\t\t\t<\/div>\n\t\t\t\t<div class=\"elementor-element elementor-element-dbbcb8f elementor-widget__width-initial elementor-widget elementor-widget-text-editor\" data-id=\"dbbcb8f\" data-element_type=\"widget\" data-widget_type=\"text-editor.default\">\n\t\t\t\t<div class=\"elementor-widget-container\">\n\t\t\t\t\t\t\t\t\t<p><strong>V r\u00e1mci servisn\u00ed \u010dinnosti z\u00e1kazn\u00edk\u016fm poskytujeme:<\/strong><\/p><ul><li>Instalace n\u00e1mi dodan\u00fdch ale i jin\u00fdch za\u0159\u00edzen\u00ed<\/li><li>Bezpe\u010dn\u00e9 p\u0159em\u00eds\u0165ov\u00e1n\u00ed za\u0159\u00edzen\u00ed v\u00a0r\u00e1mci laborato\u0159e i mezi pobo\u010dkami<\/li><li>Prov\u00e1d\u011bn\u00ed bezpe\u010dnostn\u011b technick\u00fdch kontrol a pravideln\u00e9 \u00fadr\u017eby<\/li><li>Opravy, v\u00fdm\u011bny spot\u0159ebn\u00edch d\u00edl\u016f a kalibrace \u010di validace za\u0159\u00edzen\u00ed<\/li><li>Odborn\u00e9 poradenstv\u00ed, podpora a zak\u00e1zkov\u00e1 diagnostika<\/li><li>Revize stavu a posouzen\u00ed \u017eivotnosti st\u00e1vaj\u00edc\u00edch syst\u00e9m\u016f<\/li><\/ul>\t\t\t\t\t\t\t\t<\/div>\n\t\t\t\t<\/div>\n\t\t\t\t<\/div>\n\t\t\t\t\t<\/div>\n\t\t\t\t<\/div>\n\t\t<div class=\"elementor-element elementor-element-6645373 e-flex e-con-boxed e-con e-parent\" data-id=\"6645373\" data-element_type=\"container\">\n\t\t\t\t\t<div class=\"e-con-inner\">\n\t\t\t\t<div class=\"elementor-element elementor-element-2dfe1bf elementor-widget elementor-widget-text-editor\" data-id=\"2dfe1bf\" data-element_type=\"widget\" data-widget_type=\"text-editor.default\">\n\t\t\t\t<div class=\"elementor-widget-container\">\n\t\t\t\t\t\t\t\t\t<p><span style=\"color: #cd1e5a;\"><strong>Kontakt pro bli\u017e\u0161\u00ed informace a objedn\u00e1n\u00ed:<\/strong><\/span><\/p><p>Email:\u00a0<a href=\"mailto:servis@ybux.eu\">servis@ybux.eu<\/a><\/p><p>Telefon: +420 602 156\u00a0898<\/p><p>WhatsApp: +420 605 498\u00a0527<\/p>\t\t\t\t\t\t\t\t<\/div>\n\t\t\t\t<\/div>\n\t\t\t\t\t<\/div>\n\t\t\t\t<\/div>\n\t\t\t\t<\/div>\n\t\t","protected":false},"excerpt":{"rendered":"<p>Z\u00e1kazn\u00edk\u016fm poskytujeme profesion\u00e1ln\u00ed, odborn\u00fd a v\u017edy dostupn\u00fd servis nejenom n\u00e1mi dod\u00e1van\u00fdch p\u0159\u00edstroj\u016f. Disponujeme t\u00fdmem zku\u0161en\u00fdch a pravideln\u011b \u0161kolen\u00fdch servisn\u00edch technik\u016f. Na\u0161\u00edm mottem je za v\u0161ech okolnost\u00ed maxim\u00e1ln\u00ed spokojenost z\u00e1kazn\u00edka. David \u0160los\u00e1rek +420 605 498 527 servis@ybux.eu V\u00fdhody servisu YBUX: Odbornost, know-how a specializace Proaktivita, vst\u0159\u00edcnost a \u010dasov\u00e1 flexibilita Kvalitn\u00ed technika&#8230;<\/p>\n<p> <a class=\"continue-reading-link\" href=\"http:\/\/ybux.eu\/?page_id=11\"><span>V\u00edce zde -&gt;<\/span><i class=\"crycon-right-dir\"><\/i><\/a> <\/p>\n","protected":false},"author":4,"featured_media":0,"parent":0,"menu_order":0,"comment_status":"closed","ping_status":"closed","template":"","meta":{"footnotes":""},"class_list":["post-11","page","type-page","status-publish","hentry"],"_links":{"self":[{"href":"http:\/\/ybux.eu\/index.php?rest_route=\/wp\/v2\/pages\/11","targetHints":{"allow":["GET"]}}],"collection":[{"href":"http:\/\/ybux.eu\/index.php?rest_route=\/wp\/v2\/pages"}],"about":[{"href":"http:\/\/ybux.eu\/index.php?rest_route=\/wp\/v2\/types\/page"}],"author":[{"embeddable":true,"href":"http:\/\/ybux.eu\/index.php?rest_route=\/wp\/v2\/users\/4"}],"replies":[{"embeddable":true,"href":"http:\/\/ybux.eu\/index.php?rest_route=%2Fwp%2Fv2%2Fcomments&post=11"}],"version-history":[{"count":20,"href":"http:\/\/ybux.eu\/index.php?rest_route=\/wp\/v2\/pages\/11\/revisions"}],"predecessor-version":[{"id":831,"href":"http:\/\/ybux.eu\/index.php?rest_route=\/wp\/v2\/pages\/11\/revisions\/831"}],"wp:attachment":[{"href":"http:\/\/ybux.eu\/index.php?rest_route=%2Fwp%2Fv2%2Fmedia&parent=11"}],"curies":[{"name":"wp","href":"https:\/\/api.w.org\/{rel}","templated":true}]}}